{"id":6,"date":"2016-08-29T15:23:04","date_gmt":"2016-08-29T13:23:04","guid":{"rendered":"http:\/\/oddinge.no\/?page_id=6"},"modified":"2025-09-17T14:38:33","modified_gmt":"2025-09-17T12:38:33","slug":"forside","status":"publish","type":"page","link":"https:\/\/oddinge.no\/","title":{"rendered":"Forside"},"content":{"rendered":"<div class=\"wpb-content-wrapper\"><p>[vc_row type=&raquo;vc_default&raquo; full_width=&raquo;stretch_row&raquo; css=&raquo;.vc_custom_1472487050332{padding-top: 50px !important;padding-bottom: 50px !important;background-color: #d59a32 !important;}&raquo; el_id=&raquo;omoss&raquo;][vc_column][vc_row_inner][vc_column_inner width=&raquo;2\/3&#8243;][vc_column_text]<\/p>\n<h2>OM OSS<\/h2>\n<h3>Vi er en tradisjonell gullsmedforretning og en av de ledende gullsmedene i Haugesundsdistriktet. V\u00e5re ansatte er fagfolk med bred erfaring der flere har v\u00e6rt med siden oppstarten i 1983. Dette gj\u00f8r at vi kan yte god service og har erfaring til \u00e5 levere de kvalitetsvarene du trenger.<\/h3>\n<p>&nbsp;<\/p>\n<h3>Vi har ogs\u00e5 verksted som reparerer og graverer smykker.<\/h3>\n<p>&nbsp;<\/p>\n<p><img loading=\"lazy\" decoding=\"async\" class=\"alignnone size-full wp-image-18\" src=\"https:\/\/oddinge.no\/wp-content\/uploads\/2016\/08\/about.png\" alt=\"about\" width=\"761\" height=\"250\" srcset=\"https:\/\/oddinge.no\/wp-content\/uploads\/2016\/08\/about.png 761w, https:\/\/oddinge.no\/wp-content\/uploads\/2016\/08\/about-300x99.png 300w\" sizes=\"auto, (max-width: 761px) 100vw, 761px\" \/>[\/vc_column_text][\/vc_column_inner][vc_column_inner width=&raquo;1\/3&#8243;][vc_column_text]<div id=\"fb-root\"><\/div>\r\n<script>\r\n\t(function(d, s, id) {\r\n\t\tvar js, fjs = d.getElementsByTagName(s)[0];\r\n\t\tif (d.getElementById(id)) return;\r\n\t\tjs = d.createElement(s);\r\n\t\tjs.id = id;\r\n\t\tjs.src =\r\n\t\t\t\"\/\/connect.facebook.net\/en_GB\/sdk.js#xfbml=1&version=v2.7\";\r\n\t\tfjs.parentNode.insertBefore(js, fjs);\r\n\t}(document, 'script', 'facebook-jssdk'));\r\n<\/script>\r\n<div class=\"fb-like-box\"\r\n\tdata-height=\"560\"\r\n\tdata-href=\"https:\/\/www.facebook.com\/OddInges\/\"\r\n\tdata-show-border=\"true\"\r\n\tdata-show-faces=\"false\"\r\n\tdata-stream=\"true\"\r\n\tdata-width=\"350\"\r\n\tdata-force-wall=\"false\">\r\n<\/div>\r\n[\/vc_column_text][\/vc_column_inner][\/vc_row_inner][\/vc_column][\/vc_row][vc_row type=&raquo;vc_default&raquo; full_width=&raquo;stretch_row_content_no_spaces&raquo; css=&raquo;.vc_custom_1472487040720{background-color: #e4e4e4 !important;}&raquo; el_id=&raquo;produkter&raquo;][vc_column][vc_column_text]<\/p>\n<h1 style=\"text-align: center;\"><span style=\"color: #091264;\">PRODUKTER<\/span><\/h1>\n<p>[\/vc_column_text][\/vc_column][\/vc_row][vc_row][vc_column][vc_column_text]<\/p>\n<h3 style=\"text-align: center;\">Hos oss finner du smykker, ringer, bunads\u00f8lv, bestikk, d\u00e5psgaver og andre gaver for b\u00e5de liten og stor.<\/h3>\n<h3 style=\"text-align: center;\">Vi f\u00f8rer en rekke kjente merkevarer.<\/h3>\n<p>[\/vc_column_text][vc_row_inner][vc_column_inner width=&raquo;1\/4&#8243;][vc_single_image image=&raquo;69&#8243; img_size=&raquo;full&raquo; add_caption=&raquo;yes&raquo; onclick=&raquo;custom_link&raquo; img_link_target=&raquo;_blank&raquo; link=&raquo;https:\/\/www.gulldia.no\/&raquo;][vc_single_image image=&raquo;36&#8243; img_size=&raquo;full&raquo; add_caption=&raquo;yes&raquo; onclick=&raquo;custom_link&raquo; img_link_target=&raquo;_blank&raquo; link=&raquo;http:\/\/van-bergen.no\/&raquo;][vc_single_image image=&raquo;76&#8243; img_size=&raquo;full&raquo; add_caption=&raquo;yes&raquo; onclick=&raquo;custom_link&raquo; img_link_target=&raquo;_blank&raquo; link=&raquo;https:\/\/lineargent.com\/&raquo;][\/vc_column_inner][vc_column_inner width=&raquo;1\/4&#8243;][vc_single_image image=&raquo;27&#8243; img_size=&raquo;full&raquo; add_caption=&raquo;yes&raquo; onclick=&raquo;custom_link&raquo; img_link_target=&raquo;_blank&raquo; link=&raquo;http:\/\/www.efvaattling.com\/&raquo;][vc_single_image image=&raquo;32&#8243; img_size=&raquo;full&raquo; add_caption=&raquo;yes&raquo; onclick=&raquo;custom_link&raquo; img_link_target=&raquo;_blank&raquo; link=&raquo;http:\/\/www.georgjensen.com\/nb-no\/&raquo;][\/vc_column_inner][vc_column_inner width=&raquo;1\/4&#8243;][vc_single_image image=&raquo;30&#8243; img_size=&raquo;full&raquo; add_caption=&raquo;yes&raquo; onclick=&raquo;custom_link&raquo; img_link_target=&raquo;_blank&raquo; link=&raquo;http:\/\/www.heiring.dk\/&raquo;][vc_single_image image=&raquo;33&#8243; img_size=&raquo;full&raquo; add_caption=&raquo;yes&raquo; onclick=&raquo;custom_link&raquo; img_link_target=&raquo;_blank&raquo; link=&raquo;http:\/\/www.lapponia.com\/en_en\/&raquo;][\/vc_column_inner][vc_column_inner width=&raquo;1\/4&#8243;][vc_single_image image=&raquo;70&#8243; img_size=&raquo;full&raquo; add_caption=&raquo;yes&raquo; onclick=&raquo;custom_link&raquo; img_link_target=&raquo;_blank&raquo; link=&raquo;https:\/\/www.astrid-agnes.com\/?channel=astrid&raquo;][vc_single_image image=&raquo;71&#8243; img_size=&raquo;full&raquo; add_caption=&raquo;yes&raquo; onclick=&raquo;custom_link&raquo; img_link_target=&raquo;_blank&raquo; link=&raquo;https:\/\/juliesandlau.com\/&raquo;][\/vc_column_inner][\/vc_row_inner][\/vc_column][\/vc_row][vc_row type=&raquo;vc_default&raquo; full_width=&raquo;stretch_row&raquo; css=&raquo;.vc_custom_1472486121952{padding-top: 40px !important;padding-bottom: 50px !important;background-image: url(https:\/\/oddinge.no\/wp-content\/uploads\/2016\/08\/Kontakt_image.png?id=39) !important;}&raquo; el_id=&raquo;kontakt&raquo;][vc_column][vc_column_text]<\/p>\n<h1 style=\"text-align: center;\"><span style=\"color: #091264;\">KONTAKT<\/span><\/h1>\n<p>&nbsp;<\/p>\n<h3 style=\"text-align: center;\"><\/h3>\n<p>[\/vc_column_text][vc_row_inner][vc_column_inner el_class=&raquo;backme&raquo; width=&raquo;1\/3&#8243;][vc_column_text]<span style=\"color: #091264;\"><strong>Bes\u00f8ksadresse<\/strong><\/span>:<br \/>\nOdd Inges Gull &amp; S\u00f8lv AS<br \/>\nHaraldsgata 120<br \/>\n5527 HAUGESUND<\/p>\n<p>&nbsp;<\/p>\n<p>&nbsp;<\/p>\n<hr \/>\n<p>[\/vc_column_text][\/vc_column_inner][vc_column_inner el_class=&raquo;backme&raquo; width=&raquo;1\/3&#8243;][vc_column_text css=&raquo;.vc_custom_1472540427633{margin-bottom: 30px !important;border-bottom-width: 30px !important;}&raquo;]<span style=\"color: #091264;\"><strong>Telefon<\/strong><\/span>:<br \/>\n52724289<br \/>\n<span style=\"color: #091264;\"><strong>Epost<\/strong><\/span>:<br \/>\n<a style=\"color: black; text-decoration: none;\" href=\"mailto:butikk@oddinge.no\">butikk@oddinge.no<\/a><\/p>\n<p>&nbsp;<\/p>\n<p>&nbsp;<\/p>\n<hr \/>\n<p>[\/vc_column_text][\/vc_column_inner][vc_column_inner el_class=&raquo;backme&raquo; width=&raquo;1\/3&#8243;][vc_column_text css=&raquo;&raquo;]<span style=\"color: #091264;\"><strong>\u00c5pningstider<\/strong><\/span>:&nbsp;1.6.25 &#8211; 30,8.25<\/p>\n<table style=\"height: 106px;\" width=\"226\">\n<tbody>\n<tr>\n<th style=\"text-align: left;\">Mandag &#8211; Fredag:<\/th>\n<th>10.00 &#8211; 16.30<\/th>\n<\/tr>\n<tr>\n<th style=\"text-align: left;\">Torsdag:<\/th>\n<th>10.00 &#8211; 17.00<\/th>\n<\/tr>\n<tr>\n<th style=\"text-align: left;\">L\u00f8rdag:<\/th>\n<th>10.00 &#8211; 15.00<\/th>\n<\/tr>\n<\/tbody>\n<\/table>\n<div id=\"aircall-extension-app\"><\/div>\n<div id=\"gtx-trans\" style=\"position: absolute; left: 230px; top: 84px;\">\n<div class=\"gtx-trans-icon\"><\/div>\n<\/div>\n<p>[\/vc_column_text][\/vc_column_inner][\/vc_row_inner][vc_gmaps link=&raquo;#E-8_JTNDaWZyYW1lJTIwc3JjJTNEJTIyaHR0cHMlM0ElMkYlMkZ3d3cuZ29vZ2xlLmNvbSUyRm1hcHMlMkZlbWJlZCUzRnBiJTNEJTIxMW0xOCUyMTFtMTIlMjExbTMlMjExZDIwMzAuMjcyNjQyNTI3NzQ1MSUyMTJkNS4yNjgxODk4MTYwNzU2MjklMjEzZDU5LjQxMTg0Njg4MTY4NzgzNiUyMTJtMyUyMTFmMCUyMTJmMCUyMTNmMCUyMTNtMiUyMTFpMTAyNCUyMTJpNzY4JTIxNGYxMy4xJTIxM20zJTIxMW0yJTIxMXMweDQ2M2I5ZmNkNTRiZTZjNmIlMjUzQTB4YjY3MjQ3NDBmODBiNDE3MyUyMTJzT2RkJTJCSW5nZXMlMkJHdWxsJTJCJTI1MjYlMkJTJTI1QzMlMjVCOGx2JTIxNWUwJTIxM20yJTIxMXNlbiUyMTJzJTIxNHYxNDcyNDg2OTU1NTgxJTIyJTIwd2lkdGglM0QlMjI2MDAlMjIlMjBoZWlnaHQlM0QlMjI0NTAlMjIlMjBmcmFtZWJvcmRlciUzRCUyMjAlMjIlMjBzdHlsZSUzRCUyMmJvcmRlciUzQTAlMjIlMjBhbGxvd2Z1bGxzY3JlZW4lM0UlM0MlMkZpZnJhbWUlM0U=&raquo;][\/vc_column][\/vc_row]<\/p>\n<\/div>","protected":false},"excerpt":{"rendered":"<p>[vc_row type=&raquo;vc_default&raquo; full_width=&raquo;stretch_row&raquo; css=&raquo;.vc_custom_1472487050332{padding-top: 50px !important;padding-bottom: 50px !important;background-color: #d59a32 !important;}&raquo; el_id=&raquo;omoss&raquo;][vc_column][vc_row_inner][vc_column_inner width=&raquo;2\/3&#8243;][vc_column_text] OM OSS Vi er en tradisjonell gullsmedforretning og en av de ledende gullsmedene i Haugesundsdistriktet. V\u00e5re ansatte er fagfolk med bred erfaring der flere har v\u00e6rt med siden oppstarten i 1983. Dette gj\u00f8r at vi kan yte god service og har erfaring til&hellip;<\/p>\n","protected":false},"author":1,"featured_media":0,"parent":0,"menu_order":0,"comment_status":"closed","ping_status":"closed","template":"","meta":{"footnotes":""},"class_list":["post-6","page","type-page","status-publish","hentry","description-off"],"_links":{"self":[{"href":"https:\/\/oddinge.no\/index.php\/wp-json\/wp\/v2\/pages\/6","targetHints":{"allow":["GET"]}}],"collection":[{"href":"https:\/\/oddinge.no\/index.php\/wp-json\/wp\/v2\/pages"}],"about":[{"href":"https:\/\/oddinge.no\/index.php\/wp-json\/wp\/v2\/types\/page"}],"author":[{"embeddable":true,"href":"https:\/\/oddinge.no\/index.php\/wp-json\/wp\/v2\/users\/1"}],"replies":[{"embeddable":true,"href":"https:\/\/oddinge.no\/index.php\/wp-json\/wp\/v2\/comments?post=6"}],"version-history":[{"count":5,"href":"https:\/\/oddinge.no\/index.php\/wp-json\/wp\/v2\/pages\/6\/revisions"}],"predecessor-version":[{"id":89,"href":"https:\/\/oddinge.no\/index.php\/wp-json\/wp\/v2\/pages\/6\/revisions\/89"}],"wp:attachment":[{"href":"https:\/\/oddinge.no\/index.php\/wp-json\/wp\/v2\/media?parent=6"}],"curies":[{"name":"wp","href":"https:\/\/api.w.org\/{rel}","templated":true}]}}